{"id":1256,"date":"2021-05-07T11:46:03","date_gmt":"2021-05-07T11:46:03","guid":{"rendered":"https:\/\/www.adriatica.com.hr\/privacy-policy\/"},"modified":"2021-05-18T10:39:53","modified_gmt":"2021-05-18T10:39:53","slug":"izjava-o-privatnosti","status":"publish","type":"page","link":"https:\/\/www.adriatica.com.hr\/hr\/izjava-o-privatnosti\/","title":{"rendered":"Izjava o privatnosti"},"content":{"rendered":"<p>[vc_row][vc_column][vc_column_text]Ova izjava o privatnosti vrijedi za web-lokaciju https:\/\/www.adriatica.com.hr i http:\/\/www.tteg.hr\/<\/p>\n<p>U nastavku navodimo podatke o prikupljanju podataka koji omogu\u0107avaju identifikaciju osobe tijekom kori\u0161tenja na\u0161om web-lokacijom. Podaci koji omogu\u0107avaju identifikaciju osobe podaci su koji se osobno odnose na vas, kao \u0161to su ime, telefon, e-mail adresa ili pona\u0161anje korisnika. Iznimno nam je va\u017ena za\u0161tita podataka koji omogu\u0107avaju va\u0161u identifikaciju. Ako imate pitanja ili \u017eelite znati vi\u0161e o za\u0161titi podataka, obratite nam se na\u00a0<u><a href=\"mailto:info@adriatica.com.hr\">info@adriatica.com.hr<\/a><\/u>\u00a0ili\u00a0<u><a href=\"http:\/\/www.tteg.hr\/kontakt.htmlmailto:info@tteg.hr\">info@tteg.hr<\/a><\/u>.<\/p>\n<p>Stalan razvoj tehnologije, promjene na\u0161ih usluga ili pravne situacije te drugi razlozi mogu iziskivati promjene na\u0161e obavijesti o za\u0161titi podataka. Stoga zadr\u017eavamo pravo izmjene ove izjave o privatnosti u bilo kojem trenutku i preporu\u010dujemo da se redovno informirate o trenuta\u010dnom stanju.<\/p>\n<p><strong>Prikupljanje podataka koji omogu\u0107avaju identifikaciju osobe tijekom kori\u0161tenja na\u0161om web-lokacijom<\/strong><\/p>\n<p>Ako se koristite web-lokacijom samo radi informiranja, to jest, ako nam ne pru\u017eite podatke na drugi na\u010din, prikupljat \u0107emo samo one podatke koji omogu\u0107avaju identifikaciju osobe koje va\u0161 preglednik prenosi na na\u0161 server.<\/p>\n<p><strong>Kontakt putem e-maila ili obrasca za kontakt<\/strong><\/p>\n<p>Kada nam se obratite putem e-maila ili obrasca za kontakt, pohranjujemo podatke koje nam pru\u017eate (va\u0161u e-mail adresu, va\u0161e ime i telefonski broj) da bismo mogli odgovoriti na va\u0161a pitanja. Ako upotrebljavamo obrazac za kontakt da bismo zatra\u017eili unos podataka koji nisu neophodni za kontakt s vama, uvijek ozna\u010davamo da su neobavezni. Ti nam podaci slu\u017ee da potkrijepimo va\u0161 upit i pobolj\u0161amo obradu va\u0161eg zahtjeva. Ti se podaci pru\u017eaju izri\u010dito na dobrovoljnoj osnovi i uz va\u0161 pristanak, prema \u010dlanku 6. stavku 1. to\u010dki (a) Op\u0107e uredbe o za\u0161titi podataka. \u0160to se ti\u010de podataka o komunikacijskim kanalima (kao \u0161to su va\u0161a e-mail adresa ili telefonski broj), tako\u0111er se sla\u017eete da \u0107emo vam se, gdje je to prikladno, obratiti putem ovog komunikacijskog kanala kako bismo odgovorili na va\u0161 zahtjev. Naravno, u bilo kojem trenutku mo\u017eete povu\u0107i ovaj pristanak za budu\u0107e slu\u010dajeve.<\/p>\n<p>Izbrisat \u0107emo podatke proiza\u0161le iz ove situacije nakon \u0161to pohrana podataka vi\u0161e ne bude potrebna ili ograni\u010diti obradu ako postoje zakonski zahtjevi za zadr\u017eavanje.<\/p>\n<h4><strong>Upotreba programskih priklju\u010daka dru\u0161tvenih mre\u017ea<\/strong><\/h4>\n<p>Na ovoj se web-lokaciji upotrebljavaju programski priklju\u010dci<\/p>\n<p>&#8211; sharethis.com<\/p>\n<p>Uobi\u010dajena je praksa da ovi programski priklju\u010dci prikupljaju va\u0161e podatke i prenose ih na server odgovaraju\u0107eg dobavlja\u010da. Poduzeli smo tehni\u010dke mjere kako bismo osigurali za\u0161titu va\u0161e privatnosti, kojima se jam\u010di da dobavlja\u010di odgovaraju\u0107ih programskih priklju\u010daka ne mogu prikupljati va\u0161e podatke bez va\u0161eg pristanka. Ti \u0107e priklju\u010dci isprva biti deaktivirani kada posjetite lokaciju povezanu s njima. Programski priklju\u010dci ne\u0107e se aktivirati dok ne kliknete na odgovaraju\u0107i simbol, \u010dime dajete svoje dopu\u0161tenje da se va\u0161i podaci prenose odgovaraju\u0107em dobavlja\u010du. Pravna osnova za upotrebu programskih priklju\u010daka navodi se u \u010dlanku 6. stavku 1. to\u010dkama (a) i (f) Op\u0107e uredbe o za\u0161titi podataka.<\/p>\n<p>Kad su aktivirani, programski priklju\u010dci tako\u0111er prikupljaju podatke koji omogu\u0107avaju identifikaciju osobe, kao \u0161to je va\u0161a IP adresa, i \u0161alju ih na server odgovaraju\u0107eg dobavlja\u010da, gdje se pohranjuju. Aktivirani programski priklju\u010dci dru\u0161tvenih medija tako\u0111er postavljaju kola\u010di\u0107 s jedinstvenim identifikatorom kada posjetite web-lokaciju u pitanju. Time se tako\u0111er omogu\u0107uje dobavlja\u010du da generira profile va\u0161eg korisni\u010dkog pona\u0161anja. To se doga\u0111a \u010dak i ako niste \u010dlan dru\u0161tvene mre\u017ee dobavlja\u010da u pitanju. Ako ste \u010dlan dru\u0161tvene mre\u017ee dobavlja\u010da i prijavljeni ste na web-lokaciji tijekom posjeta, podaci i informacije o va\u0161em posjetu web-lokaciji mogu se povezati s va\u0161im profilom na dru\u0161tvenoj mre\u017ei. Ne mo\u017eemo utjecati na to u kojem to\u010dno opsegu dobavlja\u010d u pitanju prikuplja va\u0161e podatke. Da biste saznali vi\u0161e o opsegu, prirodi i svrsi obrade podataka te o pravima i mogu\u0107nostima postavki za za\u0161titu svoje privatnosti, pogledajte obavijesti o za\u0161titi podataka za odgovaraju\u0107eg dobavlja\u010da dru\u0161tvene mre\u017ee. Mo\u017eete ih prona\u0107i na sljede\u0107im adresama:<\/p>\n<p>Sharethis:\u00a0<u><a href=\"https:\/\/www.sharethis.com\/privacy\/\">https:\/\/www.sharethis.com\/privacy\/<\/a><\/u><\/p>\n<h4><strong>Upotreba kola\u010di\u0107a<\/strong><\/h4>\n<p>Kola\u010di\u0107i se pohranjuju na va\u0161 ure\u0111aj dok upotrebljavate na\u0161u web-lokaciju. Kola\u010di\u0107i su male tekstualne datoteke koje se pohranjuju na va\u0161em tvrdom disku predvi\u0111enom za preglednik kojim se koristite i putem kojeg mjesto na kojem je kola\u010di\u0107 postavljen prikuplja odre\u0111ene podatke. Kola\u010di\u0107i ne mogu pokretati programe niti prenositi viruse na va\u0161 ure\u0111aj. Slu\u017ee nam da postignemo bolju prilago\u0111enost web-lokacije korisniku i njezinu sveukupnu u\u010dinkovitost. Tako\u0111er upotrebljavamo kola\u010di\u0107e da bismo vas mogli identificirati tijekom naknadnih posjeta.<\/p>\n<p><strong>Ova web-lokacija upotrebljava sljede\u0107e vrste kola\u010di\u0107a, \u010diji su opseg i funkcija obja\u0161njeni u nastavku:<\/strong><\/p>\n<table border=\"0\">\n<tbody>\n<tr>\n<td><strong>Naziv kola\u010di\u0107a<\/strong><\/td>\n<td><strong>Kori\u0161tenje<\/strong><\/td>\n<td><strong>Tijek<\/strong><\/td>\n<\/tr>\n<tr>\n<td>cijena1<\/td>\n<td>ispravaran rad stranice<\/td>\n<td>1 dan<\/td>\n<\/tr>\n<tr>\n<td>cijena2<\/td>\n<td>ispravaran rad stranice<\/td>\n<td>1 dan<\/td>\n<\/tr>\n<tr>\n<td>mjesto<\/td>\n<td>ispravaran rad stranice<\/td>\n<td>1 dan<\/td>\n<\/tr>\n<tr>\n<td>regija<\/td>\n<td>ispravaran rad stranice<\/td>\n<td>1 dan<\/td>\n<\/tr>\n<tr>\n<td>tip<\/td>\n<td>ispravaran rad stranice<\/td>\n<td>1 dan<\/td>\n<\/tr>\n<tr>\n<td>ASPSESSIONID<\/td>\n<td>Slanje upita i ispravan rad stranice<\/td>\n<td>session<\/td>\n<\/tr>\n<tr>\n<td>__unam<\/td>\n<td>social sharing widget<\/td>\n<td>11 mjeseci<\/td>\n<\/tr>\n<tr>\n<td>cookieconsent_status<\/td>\n<td>Kreira se prihva\u0107anjem uvjeta o kola\u010di\u0107ima<\/td>\n<td>trajni<\/td>\n<\/tr>\n<\/tbody>\n<\/table>\n<h4><strong>Privremeni kola\u010di\u0107i<\/strong><\/h4>\n<p>Ovi se kola\u010di\u0107i automatski bri\u0161u kada zatvorite preglednik. To se uglavnom odnosi na kola\u010di\u0107e sesije. Ovi kola\u010di\u0107i spremaju \u201eID sesije\u201d pomo\u0107u kojeg se razli\u010diti zahtjevi koje \u0161alje va\u0161 preglednik mogu dodijeliti zajedni\u010dkoj sesiji. Na taj se na\u010din omogu\u0107uje ponovno prepoznavanje va\u0161eg ure\u0111aja kad se vratite na na\u0161u web-lokaciju. Kad se odjavite ili zatvorite preglednik, bri\u0161u se kola\u010di\u0107i sesije.<\/p>\n<h4><strong>Trajni kola\u010di\u0107i<\/strong><\/h4>\n<p>Ovi se kola\u010di\u0107i automatski bri\u0161u nakon unaprijed utvr\u0111enog razdoblja koje mo\u017ee varirati ovisno o kola\u010di\u0107u. U bilo kojem trenutku mo\u017eete izbrisati kola\u010di\u0107e u sigurnosnim postavkama svojeg preglednika.<\/p>\n<h4><strong>Sprje\u010davanje kola\u010di\u0107a<\/strong><\/h4>\n<p>Postavke preglednika i aplikacije mo\u017eete konfigurirati prema \u017eelji i, na primjer, odbiti prihva\u0107anje kola\u010di\u0107a tre\u0107e strane ili svih kola\u010di\u0107a. Uzmite u obzir da u tom slu\u010daju ne\u0107ete mo\u0107i upotrebljavati sve funkcije web-lokacije.<\/p>\n<h4><strong>Prijenos podataka<\/strong><\/h4>\n<p>Va\u0161i podaci ne\u0107e biti proslije\u0111eni tre\u0107im stranama kao op\u0107e pravilo, osim ako smo zakonski obvezni to napraviti ili ako je prijenos podataka neophodan za provedbu ugovornog odnosa ili ako ste prethodno izrazili suglasnost da se va\u0161i podaci prenesu.<\/p>\n<p><strong>Sigurnost podataka<\/strong><\/p>\n<p>Poduzeli smo opse\u017ene tehni\u010dke i operativne sigurnosne mjere kako bismo za\u0161titili va\u0161e podatke od slu\u010dajne ili namjerne manipulacije, gubitka, uni\u0161tenja ili pristupa podacima od strane neovla\u0161tenih osoba. Na\u0161e se sigurnosne mjere redovito preispituju i a\u017euriraju u skladu s tehnolo\u0161kim napretkom.<\/p>\n<h4><strong>Va\u0161a prava<\/strong><\/h4>\n<p>Imate pravo na podatke, ispravljanje i brisanje podataka, ograni\u010denje obrade podataka, prigovor na njihovu obradu i prenosivost podataka. Ako se obrada temelji na va\u0161em pristanku, imate ga pravo povu\u0107i s u\u010dinkom u budu\u0107nosti.<\/p>\n<p><strong>Kontakt informacije<\/strong><\/p>\n<p>T.T.E.G. d.o.o. pozdravlja va\u0161e komentare u vezi s ovom Izjavom o privatnosti. Ako smatrate da T.T.E.G. d.o.o. nije pridr\u017eavao ovu Izjavu, molimo kontaktirajte nas na<strong>\u00a0info@adriatica.com.hr<\/strong>\u00a0ili<strong>\u00a0info@tteg.hr<\/strong>. Koristit \u0107emo komercijalno razumne napore kako bismo brzo odredili i rije\u0161ili problem.[\/vc_column_text][\/vc_column][\/vc_row]<\/p>\n","protected":false},"excerpt":{"rendered":"<p>[vc_row][vc_column][vc_column_text]Ova izjava o privatnosti vrijedi za web-lokaciju https:\/\/www.adriatica.com.hr i http:\/\/www.tteg.hr\/ U &#8230; <\/p>\n","protected":false},"author":1,"featured_media":0,"parent":0,"menu_order":0,"comment_status":"closed","ping_status":"open","template":"","meta":{"footnotes":""},"class_list":["post-1256","page","type-page","status-publish","hentry"],"_links":{"self":[{"href":"https:\/\/www.adriatica.com.hr\/hr\/wp-json\/wp\/v2\/pages\/1256","targetHints":{"allow":["GET"]}}],"collection":[{"href":"https:\/\/www.adriatica.com.hr\/hr\/wp-json\/wp\/v2\/pages"}],"about":[{"href":"https:\/\/www.adriatica.com.hr\/hr\/wp-json\/wp\/v2\/types\/page"}],"author":[{"embeddable":true,"href":"https:\/\/www.adriatica.com.hr\/hr\/wp-json\/wp\/v2\/users\/1"}],"replies":[{"embeddable":true,"href":"https:\/\/www.adriatica.com.hr\/hr\/wp-json\/wp\/v2\/comments?post=1256"}],"version-history":[{"count":2,"href":"https:\/\/www.adriatica.com.hr\/hr\/wp-json\/wp\/v2\/pages\/1256\/revisions"}],"predecessor-version":[{"id":1263,"href":"https:\/\/www.adriatica.com.hr\/hr\/wp-json\/wp\/v2\/pages\/1256\/revisions\/1263"}],"wp:attachment":[{"href":"https:\/\/www.adriatica.com.hr\/hr\/wp-json\/wp\/v2\/media?parent=1256"}],"curies":[{"name":"wp","href":"https:\/\/api.w.org\/{rel}","templated":true}]}}