{"id":1247,"date":"2021-05-11T07:01:59","date_gmt":"2021-05-11T07:01:59","guid":{"rendered":"https:\/\/www.adriatica.com.hr\/gastronomy\/"},"modified":"2021-05-18T11:13:24","modified_gmt":"2021-05-18T11:13:24","slug":"gastromonija","status":"publish","type":"page","link":"https:\/\/www.adriatica.com.hr\/hr\/gastromonija\/","title":{"rendered":"Gastromonija"},"content":{"rendered":"<p>[vc_row full_width=&#8221;stretch_row&#8221; css=&#8221;.vc_custom_1620718624318{background-image: url(https:\/\/www.adriatica.com.hr\/wp-content\/uploads\/2021\/05\/gastronomy.jpg?id=349) !important;background-position: center !important;background-repeat: no-repeat !important;background-size: cover !important;}&#8221;][vc_column]<div class=\"cz_gap clr  hide_on_tablet hide_on_mobile\" style=\"height: 200px\"><\/div><div class=\"cz_gap show_on_tablet clr  show_only_tablet\" style=\"height: 200px\"><\/div><div class=\"cz_gap show_on_mobile clr\" style=\"height: 200px\"><\/div>[vc_column_text el_class=&#8221;white-color&#8221;]<\/p>\n<h1 style=\"text-align: center;\">Gastromonija<\/h1>\n<p>[\/vc_column_text]<div class=\"cz_gap clr  hide_on_tablet hide_on_mobile\" style=\"height: 200px\"><\/div><div class=\"cz_gap show_on_tablet clr  show_only_tablet\" style=\"height: 200px\"><\/div><div class=\"cz_gap show_on_mobile clr\" style=\"height: 200px\"><\/div>[\/vc_column][\/vc_row][vc_row content_placement=&#8221;middle&#8221;][vc_column]<div class=\"cz_gap clr  hide_on_tablet hide_on_mobile\" style=\"height: 75px\"><\/div><div class=\"cz_gap show_on_tablet clr  show_only_tablet\" style=\"height: 55px\"><\/div><div class=\"cz_gap show_on_mobile clr\" style=\"height: 35px\"><\/div>[\/vc_column][vc_column width=&#8221;1\/2&#8243;]<div id=\"cz_52638\" class=\"cz_52638 cz_image clr cz_image_no_fx center_on_mobile\"><div class=\"\" ><div class=\"cz_image_in\"><div class=\"cz_main_image\"><img decoding=\"async\" width=\"1600\" height=\"900\" src=\"data:image\/svg+xml,%3Csvg%20xmlns%3D&#39;http%3A%2F%2Fwww.w3.org%2F2000%2Fsvg&#39;%20width=&#39;1600&#39;%20height=&#39;900&#39;%20viewBox%3D&#39;0%200%201600%20900&#39;%2F%3E\" data-czlz data-src=\"https:\/\/www.adriatica.com.hr\/wp-content\/uploads\/2021\/05\/kvarner-food.jpg\" class=\"attachment-full\" alt=\"\" title=\"kvarner-food\" data-srcset=\"https:\/\/www.adriatica.com.hr\/wp-content\/uploads\/2021\/05\/kvarner-food.jpg 1600w, https:\/\/www.adriatica.com.hr\/wp-content\/uploads\/2021\/05\/kvarner-food-300x169.jpg 300w, https:\/\/www.adriatica.com.hr\/wp-content\/uploads\/2021\/05\/kvarner-food-1024x576.jpg 1024w, https:\/\/www.adriatica.com.hr\/wp-content\/uploads\/2021\/05\/kvarner-food-768x432.jpg 768w, https:\/\/www.adriatica.com.hr\/wp-content\/uploads\/2021\/05\/kvarner-food-1536x864.jpg 1536w, https:\/\/www.adriatica.com.hr\/wp-content\/uploads\/2021\/05\/kvarner-food-600x338.jpg 600w\" data-sizes=\"(max-width: 1600px) 100vw, 1600px\" \/><\/div><\/div><\/div><\/div>[\/vc_column][vc_column width=&#8221;1\/2&#8243;][vc_column_text]U kvarnerskom su loncu ukuhane sve kvarnerske osobitosti: obilje mora i obala, siroma\u0161tvo kr\u0161a i zale\u0111a, divljina gorskog, pitomost nizinskog podru\u010dja\u2026. Umjesto preporuke \u0161to ovdje treba ku\u0161ati, recimo samo da su ribe, rakovi i \u0161koljke iz bistrog mora, povr\u0107e i vo\u0107e je iz nezatrovane zemlje, a janjci i divlja\u010d udi\u0161u \u010dist zrak.<\/p>\n<blockquote><p>Ovdje se jede zdrava hrana!<\/p><\/blockquote>\n<p>[\/vc_column_text][\/vc_column][\/vc_row][vc_row][vc_column]<div class=\"cz_gap clr  hide_on_tablet hide_on_mobile\" style=\"height: 35px\"><\/div><div class=\"cz_gap show_on_tablet clr  show_only_tablet\" style=\"height: 35px\"><\/div><div class=\"cz_gap show_on_mobile clr\" style=\"height: 35px\"><\/div>[\/vc_column][vc_column][vc_column_text]Kako bismo dobili potpuniju predod\u017ebu o prirodnim prehrambenim blagodatima iz kojih je izraslo kulinarstvo regije, moramo odvajati primorsku i goransku kuhinju, a razli\u010ditosti pripisati prirodno zemljopisnim uvjetima. Primorska se kuhinja, zahvaljuju\u0107i svojim mediteranskim i maritimnim utjecajima temelji na ribama, \u0161koljkama, rakovima, odnosno glavono\u0161cima, na janjetini, tjestenini, na mediteranskom povr\u0107u i vo\u0107u, za\u010dinskom bilju, na maslinama i maslinovom ulju, na kestenima (marunima), i vinu, dok se goranska kuhinja temelji na divlja\u010di, mlijeku i siru, mesu i gljivama, \u017eabama, pu\u017eevima, slatkovodnoj ribi, povr\u0107u, posebice krumpiru i kupusu, \u0161umskom vo\u0107u i za\u010dinima, kao i \u017eestokim pi\u0107ima, rakiji, brinjevcu, medova\u010di ili medici (rakiji s medom).<\/p>\n<p>Osim dvije podjele na primorsku i goransku kuhinju, postoje i razlike u na\u010dinima pripreme hrane i unutar samih mikroregija. Svaki otok, pa i svako selo, imaju svoj na\u010din priprave.<\/p>\n<p>Kad ste na Kvarneru, u primorsko-goranskom kraju, ne propustite ni oto\u010dki ni goranski sir (\u0161kripavac), ni pr\u0161ut, ni zelene ni crne masline, ni janjetinu ispod peke ili na ra\u017enju, ni salatu od hobotnice i primorski brodet, medvje\u0111e \u0161ape i puhove, \u0161koljke i hobotnice, pohane \u017eabe, \u010duvene \u0161kampe, \u0161karpinu i srnetinu, \u0161paroge i gljive, \u0161urlice i njoke, tre\u0161nje i borovnice, marune i \u0161umske jagode, povatice i fritule&#8230;<\/p>\n<blockquote><p>Ako vam sve to ne uspije ove godine, vidimo se sljede\u0107e!<\/p><\/blockquote>\n<p>[\/vc_column_text][\/vc_column][\/vc_row]<\/p>\n","protected":false},"excerpt":{"rendered":"<p>[vc_row full_width=&#8221;stretch_row&#8221; css=&#8221;.vc_custom_1620718624318{background-image: url(https:\/\/www.adriatica.com.hr\/wp-content\/uploads\/2021\/05\/gastronomy.jpg?id=349) !important;background-position: center !important;background-repeat: no-repeat !important;background-size: cover !important;}&#8221;][vc_column][vc_column_text &#8230; <\/p>\n","protected":false},"author":1,"featured_media":0,"parent":0,"menu_order":0,"comment_status":"closed","ping_status":"closed","template":"","meta":{"footnotes":""},"class_list":["post-1247","page","type-page","status-publish","hentry"],"_links":{"self":[{"href":"https:\/\/www.adriatica.com.hr\/hr\/wp-json\/wp\/v2\/pages\/1247","targetHints":{"allow":["GET"]}}],"collection":[{"href":"https:\/\/www.adriatica.com.hr\/hr\/wp-json\/wp\/v2\/pages"}],"about":[{"href":"https:\/\/www.adriatica.com.hr\/hr\/wp-json\/wp\/v2\/types\/page"}],"author":[{"embeddable":true,"href":"https:\/\/www.adriatica.com.hr\/hr\/wp-json\/wp\/v2\/users\/1"}],"replies":[{"embeddable":true,"href":"https:\/\/www.adriatica.com.hr\/hr\/wp-json\/wp\/v2\/comments?post=1247"}],"version-history":[{"count":3,"href":"https:\/\/www.adriatica.com.hr\/hr\/wp-json\/wp\/v2\/pages\/1247\/revisions"}],"predecessor-version":[{"id":1281,"href":"https:\/\/www.adriatica.com.hr\/hr\/wp-json\/wp\/v2\/pages\/1247\/revisions\/1281"}],"wp:attachment":[{"href":"https:\/\/www.adriatica.com.hr\/hr\/wp-json\/wp\/v2\/media?parent=1247"}],"curies":[{"name":"wp","href":"https:\/\/api.w.org\/{rel}","templated":true}]}}