{"id":1228,"date":"2021-05-11T06:39:02","date_gmt":"2021-05-11T06:39:02","guid":{"rendered":"https:\/\/www.adriatica.com.hr\/dramalj\/"},"modified":"2021-05-19T06:12:12","modified_gmt":"2021-05-19T06:12:12","slug":"dramalj","status":"publish","type":"page","link":"https:\/\/www.adriatica.com.hr\/hr\/dramalj\/","title":{"rendered":"Dramalj"},"content":{"rendered":"<p>[vc_row full_width=&#8221;stretch_row&#8221; css=&#8221;.vc_custom_1620715555341{background-image: url(https:\/\/www.adriatica.com.hr\/wp-content\/uploads\/2021\/05\/dramalj.jpg?id=309) !important;background-position: center !important;background-repeat: no-repeat !important;background-size: cover !important;}&#8221;][vc_column]<div class=\"cz_gap clr  hide_on_tablet hide_on_mobile\" style=\"height: 200px\"><\/div><div class=\"cz_gap show_on_tablet clr  show_only_tablet\" style=\"height: 120px\"><\/div><div class=\"cz_gap show_on_mobile clr\" style=\"height: 120px\"><\/div>[vc_column_text el_class=&#8221;white-color&#8221;]<\/p>\n<h1 style=\"text-align: center;\">Dramalj<\/h1>\n<p>[\/vc_column_text]<div class=\"cz_gap clr  hide_on_tablet hide_on_mobile\" style=\"height: 200px\"><\/div><div class=\"cz_gap show_on_tablet clr  show_only_tablet\" style=\"height: 120px\"><\/div><div class=\"cz_gap show_on_mobile clr\" style=\"height: 120px\"><\/div>[\/vc_column][\/vc_row][vc_row][vc_column]<div class=\"cz_gap clr  hide_on_tablet hide_on_mobile\" style=\"height: 75px\"><\/div><div class=\"cz_gap show_on_tablet clr  show_only_tablet\" style=\"height: 55px\"><\/div><div class=\"cz_gap show_on_mobile clr\" style=\"height: 35px\"><\/div>[\/vc_column][vc_column][vc_column_text]Dramalj je privla\u010dno ljetovali\u0161te smje\u0161teno u Vindolskom kanalu, 3 km sjeveroisti\u010dno od Crikvenice s kojom ga uz magistralnu prometnicu spaja i lijepa pje\u0161a\u010dka staza. Cijela je Crikveni\u010dka rivijera poznata po pje\u0161\u010danim pla\u017eama, pa se i Dramalj mo\u017ee pohvaliti pla\u017eom osobito prikladnom za djecu, a postupan i polagan ulaz u plitko more siguran je i za najmla\u0111e. Samo kilometar dalje, na poluotoku Ka\u010djak, u sklopu turisti\u010dkog naselja nalazi se poznato kupali\u0161te s nizom sportskih sadr\u017eaja i autokampom, a jo\u0161 jednu pje\u0161\u010danu pla\u017eu na\u0107i \u0107ete u uvali Manestri smje\u0161tenoj izme\u0111u Dramlja i Ka\u010djaka.<\/p>\n<blockquote><p>Dramalj preporu\u010dujemo prvenstveno obiteljima s djecom i ljubiteljima aktivnog odmora<\/p><\/blockquote>\n<p>Dramalj preporu\u010dujemo prvenstveno obiteljima s djecom i ljubiteljima aktivnog odmora jer se ovdje osim \u0161etnje, rolanja, tr\u010danja i vo\u017enje biciklom du\u017e 3 km duge obalne \u0161etnice, mo\u017eete uspeti do planinskih predjela Gorkog kotara, posjetiti nacionalni park Risnjak i u\u017eivati u \u0161umskim podru\u010djima Kapele i Plitvi\u010dkih jezera.<\/p>\n<p><strong>Kako do\u0107i:<\/strong>\u00a03 km sjeveroisto\u010dno od Crikvence po Jadranskoj magistrali u smjeru Zadra<\/p>\n<p><strong>Preporu\u010dujemo posjetiti:<\/strong>\u00a0Crikvenica \/ Novi Vinodolski \/ Selce \/ nacionalni park Risnjak \/ nacionalni park Plitvi\u010dka jezera \/ Gorski kotar \/ \u0161pilja Biserujka kod \u0160ila na Krku[\/vc_column_text][\/vc_column][\/vc_row][vc_row][vc_column]<div id=\"cz_62327\" class=\"cz_grid_p cz_62327\"><div class=\"cz_grid cz_grid_1 clr cz_grid_c3 cz_grid_1_no_title cz_grid_1_mid tac\"><div class=\"cz_grid_item cz_grid_first\"><\/div><div class=\"cz_grid_item \"><div><a class=\"cz_grid_link \" href=\"https:\/\/www.adriatica.com.hr\/wp-content\/uploads\/2021\/05\/dramalj1.jpg\" data-xtra-lightbox data-xtra-lightbox><img decoding=\"async\" width=\"600\" height=\"600\" src=\"data:image\/svg+xml,%3Csvg%20xmlns%3D&#39;http%3A%2F%2Fwww.w3.org%2F2000%2Fsvg&#39;%20width=&#39;600&#39;%20height=&#39;600&#39;%20viewBox%3D&#39;0%200%20600%20600&#39;%2F%3E\" data-czlz data-src=\"https:\/\/www.adriatica.com.hr\/wp-content\/uploads\/2021\/05\/dramalj1-600x600.jpg\" class=\"attachment-codevz_600_600\" alt=\"\" title=\"dramalj1\" data-srcset=\"https:\/\/www.adriatica.com.hr\/wp-content\/uploads\/2021\/05\/dramalj1-600x600.jpg 600w, https:\/\/www.adriatica.com.hr\/wp-content\/uploads\/2021\/05\/dramalj1-150x150.jpg 150w\" data-sizes=\"(max-width: 600px) 100vw, 600px\" \/><div class=\"cz_grid_details\"><i class=\"fa fa-search cz_grid_icon\"><\/i><\/div><\/a><\/div><\/div><div class=\"cz_grid_item \"><div><a class=\"cz_grid_link \" href=\"https:\/\/www.adriatica.com.hr\/wp-content\/uploads\/2021\/05\/dramalj2.jpg\" data-xtra-lightbox data-xtra-lightbox><img decoding=\"async\" width=\"600\" height=\"600\" src=\"data:image\/svg+xml,%3Csvg%20xmlns%3D&#39;http%3A%2F%2Fwww.w3.org%2F2000%2Fsvg&#39;%20width=&#39;600&#39;%20height=&#39;600&#39;%20viewBox%3D&#39;0%200%20600%20600&#39;%2F%3E\" data-czlz data-src=\"https:\/\/www.adriatica.com.hr\/wp-content\/uploads\/2021\/05\/dramalj2-600x600.jpg\" class=\"attachment-codevz_600_600\" alt=\"\" title=\"dramalj2\" data-srcset=\"https:\/\/www.adriatica.com.hr\/wp-content\/uploads\/2021\/05\/dramalj2-600x600.jpg 600w, https:\/\/www.adriatica.com.hr\/wp-content\/uploads\/2021\/05\/dramalj2-150x150.jpg 150w\" data-sizes=\"(max-width: 600px) 100vw, 600px\" \/><div class=\"cz_grid_details\"><i class=\"fa fa-search cz_grid_icon\"><\/i><\/div><\/a><\/div><\/div><div class=\"cz_grid_item \"><div><a class=\"cz_grid_link \" href=\"https:\/\/www.adriatica.com.hr\/wp-content\/uploads\/2021\/05\/dramalj3.jpg\" data-xtra-lightbox data-xtra-lightbox><img decoding=\"async\" width=\"600\" height=\"600\" src=\"data:image\/svg+xml,%3Csvg%20xmlns%3D&#39;http%3A%2F%2Fwww.w3.org%2F2000%2Fsvg&#39;%20width=&#39;600&#39;%20height=&#39;600&#39;%20viewBox%3D&#39;0%200%20600%20600&#39;%2F%3E\" data-czlz data-src=\"https:\/\/www.adriatica.com.hr\/wp-content\/uploads\/2021\/05\/dramalj3-600x600.jpg\" class=\"attachment-codevz_600_600\" alt=\"\" title=\"dramalj3\" data-srcset=\"https:\/\/www.adriatica.com.hr\/wp-content\/uploads\/2021\/05\/dramalj3-600x600.jpg 600w, https:\/\/www.adriatica.com.hr\/wp-content\/uploads\/2021\/05\/dramalj3-150x150.jpg 150w\" data-sizes=\"(max-width: 600px) 100vw, 600px\" \/><div class=\"cz_grid_details\"><i class=\"fa fa-search cz_grid_icon\"><\/i><\/div><\/a><\/div><\/div><\/div><\/div>[\/vc_column][\/vc_row]<\/p>\n","protected":false},"excerpt":{"rendered":"<p>[vc_row full_width=&#8221;stretch_row&#8221; css=&#8221;.vc_custom_1620715555341{background-image: url(https:\/\/www.adriatica.com.hr\/wp-content\/uploads\/2021\/05\/dramalj.jpg?id=309) !important;background-position: center !important;background-repeat: no-repeat !important;background-size: cover !important;}&#8221;][vc_column][vc_column_text &#8230; <\/p>\n","protected":false},"author":1,"featured_media":0,"parent":0,"menu_order":0,"comment_status":"closed","ping_status":"closed","template":"","meta":{"footnotes":""},"class_list":["post-1228","page","type-page","status-publish","hentry"],"_links":{"self":[{"href":"https:\/\/www.adriatica.com.hr\/hr\/wp-json\/wp\/v2\/pages\/1228","targetHints":{"allow":["GET"]}}],"collection":[{"href":"https:\/\/www.adriatica.com.hr\/hr\/wp-json\/wp\/v2\/pages"}],"about":[{"href":"https:\/\/www.adriatica.com.hr\/hr\/wp-json\/wp\/v2\/types\/page"}],"author":[{"embeddable":true,"href":"https:\/\/www.adriatica.com.hr\/hr\/wp-json\/wp\/v2\/users\/1"}],"replies":[{"embeddable":true,"href":"https:\/\/www.adriatica.com.hr\/hr\/wp-json\/wp\/v2\/comments?post=1228"}],"version-history":[{"count":4,"href":"https:\/\/www.adriatica.com.hr\/hr\/wp-json\/wp\/v2\/pages\/1228\/revisions"}],"predecessor-version":[{"id":1451,"href":"https:\/\/www.adriatica.com.hr\/hr\/wp-json\/wp\/v2\/pages\/1228\/revisions\/1451"}],"wp:attachment":[{"href":"https:\/\/www.adriatica.com.hr\/hr\/wp-json\/wp\/v2\/media?parent=1228"}],"curies":[{"name":"wp","href":"https:\/\/api.w.org\/{rel}","templated":true}]}}