{"id":1248,"date":"2021-05-11T07:01:59","date_gmt":"2021-05-11T07:01:59","guid":{"rendered":"https:\/\/www.adriatica.com.hr\/gastronomy\/"},"modified":"2021-05-19T06:13:07","modified_gmt":"2021-05-19T06:13:07","slug":"gastronomie","status":"publish","type":"page","link":"https:\/\/www.adriatica.com.hr\/de\/gastronomie\/","title":{"rendered":"Gastronomie"},"content":{"rendered":"<p>[vc_row full_width=&#8220;stretch_row&#8220; css=&#8220;.vc_custom_1620718624318{background-image: url(https:\/\/www.adriatica.com.hr\/wp-content\/uploads\/2021\/05\/gastronomy.jpg?id=349) !important;background-position: center !important;background-repeat: no-repeat !important;background-size: cover !important;}&#8220;][vc_column]<div class=\"cz_gap clr  hide_on_tablet hide_on_mobile\" style=\"height: 200px\"><\/div><div class=\"cz_gap show_on_tablet clr  show_only_tablet\" style=\"height: 120px\"><\/div><div class=\"cz_gap show_on_mobile clr\" style=\"height: 120px\"><\/div>[vc_column_text el_class=&#8220;white-color&#8220;]<\/p>\n<h1 style=\"text-align: center;\">Gastronomie<\/h1>\n<p>[\/vc_column_text]<div class=\"cz_gap clr  hide_on_tablet hide_on_mobile\" style=\"height: 200px\"><\/div><div class=\"cz_gap show_on_tablet clr  show_only_tablet\" style=\"height: 120px\"><\/div><div class=\"cz_gap show_on_mobile clr\" style=\"height: 120px\"><\/div>[\/vc_column][\/vc_row][vc_row content_placement=&#8220;middle&#8220;][vc_column]<div class=\"cz_gap clr  hide_on_tablet hide_on_mobile\" style=\"height: 75px\"><\/div><div class=\"cz_gap show_on_tablet clr  show_only_tablet\" style=\"height: 55px\"><\/div><div class=\"cz_gap show_on_mobile clr\" style=\"height: 35px\"><\/div>[\/vc_column][vc_column width=&#8220;1\/2&#8243;]<div id=\"cz_52638\" class=\"cz_52638 cz_image clr cz_image_no_fx center_on_mobile\"><div class=\"\" ><div class=\"cz_image_in\"><div class=\"cz_main_image\"><img decoding=\"async\" width=\"1600\" height=\"900\" src=\"data:image\/svg+xml,%3Csvg%20xmlns%3D&#39;http%3A%2F%2Fwww.w3.org%2F2000%2Fsvg&#39;%20width=&#39;1600&#39;%20height=&#39;900&#39;%20viewBox%3D&#39;0%200%201600%20900&#39;%2F%3E\" data-czlz data-src=\"https:\/\/www.adriatica.com.hr\/wp-content\/uploads\/2021\/05\/kvarner-food.jpg\" class=\"attachment-full\" alt=\"\" title=\"kvarner-food\" data-srcset=\"https:\/\/www.adriatica.com.hr\/wp-content\/uploads\/2021\/05\/kvarner-food.jpg 1600w, https:\/\/www.adriatica.com.hr\/wp-content\/uploads\/2021\/05\/kvarner-food-300x169.jpg 300w, https:\/\/www.adriatica.com.hr\/wp-content\/uploads\/2021\/05\/kvarner-food-1024x576.jpg 1024w, https:\/\/www.adriatica.com.hr\/wp-content\/uploads\/2021\/05\/kvarner-food-768x432.jpg 768w, https:\/\/www.adriatica.com.hr\/wp-content\/uploads\/2021\/05\/kvarner-food-1536x864.jpg 1536w, https:\/\/www.adriatica.com.hr\/wp-content\/uploads\/2021\/05\/kvarner-food-600x338.jpg 600w\" data-sizes=\"(max-width: 1600px) 100vw, 1600px\" \/><\/div><\/div><\/div><\/div>[\/vc_column][vc_column width=&#8220;1\/2&#8243;][vc_column_text]Im Kvarner-Topf finden sich alle Eigenschaften der Kvarner-Region wieder: der Reichtum des Meeres und der K\u00fcste, die Armut des Karstes und des Hinterlandes, die Wildheit der Berge und die Zahmheit des Flachlandes&#8230; Anstatt bestimmte Gerichte zu empfehlen, sei an dieser Stelle nur gesagt, dass Fisch, Krebse und Muscheln aus dem sauberen Meer und Obst und Gem\u00fcse aus nicht vergiftetem Boden kommen, und dass L\u00e4mmer und Wild unsere reine Luft atmen. Hier isst man gesund! Um eine genauere Vorstellung von den Kochk\u00fcnsten der Region zu bekommen, muss wegen der verschiedenen nat\u00fcrlichen und geographischen Bedingungen die K\u00fcche des K\u00fcstenlandes von jener der Bergregion unterschieden werden.<\/p>\n<blockquote><p>Hier isst man gesund!<\/p><\/blockquote>\n<p>[\/vc_column_text][\/vc_column][\/vc_row][vc_row][vc_column]<div class=\"cz_gap clr  hide_on_tablet hide_on_mobile\" style=\"height: 35px\"><\/div><div class=\"cz_gap show_on_tablet clr  show_only_tablet\" style=\"height: 35px\"><\/div><div class=\"cz_gap show_on_mobile clr\" style=\"height: 35px\"><\/div>[\/vc_column][vc_column][vc_column_text]Die K\u00fcstenk\u00fcche verarbeitet bedingt durch die mediterranen und maritimen Einfl\u00fcsse Fische, Muscheln, Krebse bzw. Tintenfische sowie Lammfleisch, Teigwaren, mediterranes Obst und Gem\u00fcse, Gew\u00fcrzpflanzen, Oliven und Oliven\u00f6l, Esskastanien (Maronen) und Wein. F\u00fcr die K\u00fcche der Berggegend sind dagegen Wild, Milch und K\u00e4se, Fleisch und Pilze, Fr\u00f6sche, Schnecken, S\u00fc\u00dfwasserfisch, Gem\u00fcse, insbesondere Kartoffeln und Kohl, Waldfr\u00fcchte und Gew\u00fcrze sowie hochprozentige Getr\u00e4nke, Schnaps, Wacholder &#8211; und Honigschnaps typisch.<\/p>\n<p>Neben der Unterscheidung zwischen der K\u00fcsten- und Bergk\u00fcche gibt es auch Unterschiede in der Art der Zubereitung der Speisen innerhalb der Regionen selbst. Jede Insel und auch jedes Dorf hat eine eigene Art der Zubereitung.<\/p>\n<p>Wenn Sie in Kvarner sind, sollten Sie folgende Spezialit\u00e4ten auf keinen Fall vers\u00e4umen: K\u00e4se von den Inseln oder aus den Bergen (&#8222;Knarrk\u00e4se&#8220;), Rohschinken (&#8222;pr\u0161ut&#8220;), gr\u00fcne und schwarze Oliven, Lammfleisch traditionell im Ofen gebacken (&#8222;janjetina ispod peke&#8220;) oder am Spie\u00df gebraten (&#8222;na ra\u017enju&#8220;), Tintenfischsalat, Brodetto, B\u00e4renpfoten, Ziesel, Muscheln, Tintenfisch, gebackene Fr\u00f6sche, Scampi, Drachenkopf, Rehfleisch, Spargel, Pilze, Nockerln, Kirschen und Heidelbeeren, Maronen und Walderdbeeren, Hefekuchen und Frittellen.<\/p>\n<blockquote><p>Sollte Ihnen dieser Speiseplan dieses Jahr zu lang sein, sehen wir uns im n\u00e4chsten Jahr wieder!<\/p><\/blockquote>\n<p>[\/vc_column_text][\/vc_column][\/vc_row]<\/p>\n","protected":false},"excerpt":{"rendered":"<p>[vc_row full_width=&#8220;stretch_row&#8220; css=&#8220;.vc_custom_1620718624318{background-image: url(https:\/\/www.adriatica.com.hr\/wp-content\/uploads\/2021\/05\/gastronomy.jpg?id=349) !important;background-position: center !important;background-repeat: no-repeat !important;background-size: cover !important;}&#8220;][vc_column][vc_column_text &#8230; <\/p>\n","protected":false},"author":1,"featured_media":0,"parent":0,"menu_order":0,"comment_status":"closed","ping_status":"closed","template":"","meta":{"footnotes":""},"class_list":["post-1248","page","type-page","status-publish","hentry"],"_links":{"self":[{"href":"https:\/\/www.adriatica.com.hr\/de\/wp-json\/wp\/v2\/pages\/1248","targetHints":{"allow":["GET"]}}],"collection":[{"href":"https:\/\/www.adriatica.com.hr\/de\/wp-json\/wp\/v2\/pages"}],"about":[{"href":"https:\/\/www.adriatica.com.hr\/de\/wp-json\/wp\/v2\/types\/page"}],"author":[{"embeddable":true,"href":"https:\/\/www.adriatica.com.hr\/de\/wp-json\/wp\/v2\/users\/1"}],"replies":[{"embeddable":true,"href":"https:\/\/www.adriatica.com.hr\/de\/wp-json\/wp\/v2\/comments?post=1248"}],"version-history":[{"count":3,"href":"https:\/\/www.adriatica.com.hr\/de\/wp-json\/wp\/v2\/pages\/1248\/revisions"}],"predecessor-version":[{"id":1454,"href":"https:\/\/www.adriatica.com.hr\/de\/wp-json\/wp\/v2\/pages\/1248\/revisions\/1454"}],"wp:attachment":[{"href":"https:\/\/www.adriatica.com.hr\/de\/wp-json\/wp\/v2\/media?parent=1248"}],"curies":[{"name":"wp","href":"https:\/\/api.w.org\/{rel}","templated":true}]}}