{"id":1239,"date":"2021-05-11T06:52:45","date_gmt":"2021-05-11T06:52:45","guid":{"rendered":"https:\/\/www.adriatica.com.hr\/climate\/"},"modified":"2021-05-18T11:15:30","modified_gmt":"2021-05-18T11:15:30","slug":"klima","status":"publish","type":"page","link":"https:\/\/www.adriatica.com.hr\/de\/klima\/","title":{"rendered":"Klima"},"content":{"rendered":"<p>[vc_row full_width=&#8220;stretch_row&#8220; css=&#8220;.vc_custom_1620715555341{background-image: url(https:\/\/www.adriatica.com.hr\/wp-content\/uploads\/2021\/05\/dramalj.jpg?id=309) !important;background-position: center !important;background-repeat: no-repeat !important;background-size: cover !important;}&#8220;][vc_column]<div class=\"cz_gap clr  hide_on_tablet hide_on_mobile\" style=\"height: 200px\"><\/div><div class=\"cz_gap show_on_tablet clr  show_only_tablet\" style=\"height: 200px\"><\/div><div class=\"cz_gap show_on_mobile clr\" style=\"height: 200px\"><\/div>[vc_column_text el_class=&#8220;white-color&#8220;]<\/p>\n<h1 style=\"text-align: center;\">Klima<\/h1>\n<p>[\/vc_column_text]<div class=\"cz_gap clr  hide_on_tablet hide_on_mobile\" style=\"height: 200px\"><\/div><div class=\"cz_gap show_on_tablet clr  show_only_tablet\" style=\"height: 200px\"><\/div><div class=\"cz_gap show_on_mobile clr\" style=\"height: 200px\"><\/div>[\/vc_column][\/vc_row][vc_row][vc_column]<div class=\"cz_gap clr  hide_on_tablet hide_on_mobile\" style=\"height: 75px\"><\/div><div class=\"cz_gap show_on_tablet clr  show_only_tablet\" style=\"height: 55px\"><\/div><div class=\"cz_gap show_on_mobile clr\" style=\"height: 35px\"><\/div>[\/vc_column][vc_column][vc_column_text]Die g\u00fcnstige Lage und der Schutz vor starken Winden, aus dem Norden dank der Kapela-Gebirgsh\u00e4nge und aus dem S\u00fcden dank der Insel Krk, bedingen ein mildes Klima mit entspannender Wirkung. Charakteristische klimatische Eigenschaften dieses Gebietes sind trockene, heitere und angenehm warme Sommer sowie milde Winter mit gesunden, durch das lokale Umfeld bedingten, Winden. Der Unterschied, d.h., die Amplitude, zwischen dem durchschnittlichen j\u00e4hrlichen Temperatur-Maximum und -Minimum ist gering, deshalb sind die Schwankungen unwesentlich. Der hundertj\u00e4hrige Temperatur-durchschnitt betr\u00e4gt 14.2\u00b0C und die durchschnittliche Sommertemperatur 23.6\u00b0C. Schnee, Nebel und Temperaturen unter 5\u00b0C sind eine grosse Seltenheit. Die Meerestemperatur betr\u00e4gt im Sommer maximal 27\u00b0C.<\/p>\n<p>Die Meeresluft zeichnet sich durch Reinheit und Zersteubung der gew\u00fcnschten Oligomineralien aus, und es gibt keine sch\u00e4dlichen Pollenallergene und Abgase. Bez\u00fcglich der biometeorologischen Daten ist wichtig, dass der TWH-Index, d.h., das Verh\u00e4ltnis Temperatur, Windgeschwindigkeit und Feuchtigkeit, das als angenehm empfunden wird, w\u00e4hrend der meisten Zeit des Jahres sehr g\u00fcnstig ist.[\/vc_column_text][\/vc_column][\/vc_row]<\/p>\n","protected":false},"excerpt":{"rendered":"<p>[vc_row full_width=&#8220;stretch_row&#8220; css=&#8220;.vc_custom_1620715555341{background-image: url(https:\/\/www.adriatica.com.hr\/wp-content\/uploads\/2021\/05\/dramalj.jpg?id=309) !important;background-position: center !important;background-repeat: no-repeat !important;background-size: cover !important;}&#8220;][vc_column][vc_column_text &#8230; <\/p>\n","protected":false},"author":1,"featured_media":0,"parent":0,"menu_order":0,"comment_status":"closed","ping_status":"closed","template":"","meta":{"footnotes":""},"class_list":["post-1239","page","type-page","status-publish","hentry"],"_links":{"self":[{"href":"https:\/\/www.adriatica.com.hr\/de\/wp-json\/wp\/v2\/pages\/1239","targetHints":{"allow":["GET"]}}],"collection":[{"href":"https:\/\/www.adriatica.com.hr\/de\/wp-json\/wp\/v2\/pages"}],"about":[{"href":"https:\/\/www.adriatica.com.hr\/de\/wp-json\/wp\/v2\/types\/page"}],"author":[{"embeddable":true,"href":"https:\/\/www.adriatica.com.hr\/de\/wp-json\/wp\/v2\/users\/1"}],"replies":[{"embeddable":true,"href":"https:\/\/www.adriatica.com.hr\/de\/wp-json\/wp\/v2\/comments?post=1239"}],"version-history":[{"count":3,"href":"https:\/\/www.adriatica.com.hr\/de\/wp-json\/wp\/v2\/pages\/1239\/revisions"}],"predecessor-version":[{"id":1282,"href":"https:\/\/www.adriatica.com.hr\/de\/wp-json\/wp\/v2\/pages\/1239\/revisions\/1282"}],"wp:attachment":[{"href":"https:\/\/www.adriatica.com.hr\/de\/wp-json\/wp\/v2\/media?parent=1239"}],"curies":[{"name":"wp","href":"https:\/\/api.w.org\/{rel}","templated":true}]}}