{"id":1229,"date":"2021-05-11T06:39:02","date_gmt":"2021-05-11T06:39:02","guid":{"rendered":"https:\/\/www.adriatica.com.hr\/dramalj\/"},"modified":"2021-05-19T06:12:47","modified_gmt":"2021-05-19T06:12:47","slug":"dramalj","status":"publish","type":"page","link":"https:\/\/www.adriatica.com.hr\/de\/dramalj\/","title":{"rendered":"Dramalj"},"content":{"rendered":"<p>[vc_row full_width=&#8220;stretch_row&#8220; css=&#8220;.vc_custom_1620715555341{background-image: url(https:\/\/www.adriatica.com.hr\/wp-content\/uploads\/2021\/05\/dramalj.jpg?id=309) !important;background-position: center !important;background-repeat: no-repeat !important;background-size: cover !important;}&#8220;][vc_column]<div class=\"cz_gap clr  hide_on_tablet hide_on_mobile\" style=\"height: 200px\"><\/div><div class=\"cz_gap show_on_tablet clr  show_only_tablet\" style=\"height: 120px\"><\/div><div class=\"cz_gap show_on_mobile clr\" style=\"height: 120px\"><\/div>[vc_column_text el_class=&#8220;white-color&#8220;]<\/p>\n<h1 style=\"text-align: center;\">Dramalj<\/h1>\n<p>[\/vc_column_text]<div class=\"cz_gap clr  hide_on_tablet hide_on_mobile\" style=\"height: 200px\"><\/div><div class=\"cz_gap show_on_tablet clr  show_only_tablet\" style=\"height: 120px\"><\/div><div class=\"cz_gap show_on_mobile clr\" style=\"height: 120px\"><\/div>[\/vc_column][\/vc_row][vc_row][vc_column]<div class=\"cz_gap clr  hide_on_tablet hide_on_mobile\" style=\"height: 75px\"><\/div><div class=\"cz_gap show_on_tablet clr  show_only_tablet\" style=\"height: 55px\"><\/div><div class=\"cz_gap show_on_mobile clr\" style=\"height: 35px\"><\/div>[\/vc_column][vc_column][vc_column_text]Dramalj ist ein anziehender Sommerort, der 3 km nord\u00f6stlich von Crikvenica am Kanal von Vinodol liegt. Mit Crikvenica ist Dramalj nicht nur durch eine Magistrale verbunden, sondern auch durch einen sch\u00f6nen Sandweg. Die ganze Riviera von Crikvenica ist wegen ihrer Sandstr\u00e4nde bekannt und auch in Dramalj kann man einen Strand finden, der besonders f\u00fcr Kinder geeignet ist. Auch die Kleinsten gelangen hier leicht und sicher ins flache Meer. Nur einen Kilometer weiter befindet sich auf der Halbinsel Ka\u010djak innerhalb der touristischen Siedlung ein bekannter Badestrand mit einer Reihe von Sportangeboten sowie ein Autocamp. Einen weiteren Sandstrand finden Sie in der Bucht von Manestra, die zwischen Dramalj und Kacjak liegt.<\/p>\n<blockquote><p>Dramalj empfehlen wir vor allem Familien mit Kindern sowie all denen, die gerne einen aktiven Urlaub verbringen wollen<\/p><\/blockquote>\n<p>Dramalj empfehlen wir vor allem Familien mit Kindern sowie all denen, die gerne einen aktiven Urlaub verbringen wollen, denn hier k\u00f6nnen sie nicht nur auf dem 3 km langen Spazierweg die K\u00fcste entlang spazieren, inlineskaten, laufen und Fahrrad fahren, sondern auch bis zur Berglandschaft von Gorski kotor klettern, den Nationalpark Risnjak besuchen und die Waldgebiete von Kapela und den Plitvicer Seen genie\u00dfen.<\/p>\n<p><strong>Wir empfehlen Ihnen, folgendes zu besuchen:\u00a0<\/strong>Crikvenica \/ Novi Vinodolski \/ Selce \/ Nationalpark Risnjak \/ Nationalpark Plitvicer Seen \/ Gorski kotar \/ die H\u00f6hle Biserujka bei \u0160ilo auf Krk.<\/p>\n<p><strong>Wie gelangen Sie dort hin?\u00a0<\/strong>3 km nord\u00f6stlich von Crikvenica auf der Magistrale in Richtung Zadar[\/vc_column_text][\/vc_column][\/vc_row][vc_row][vc_column]<div id=\"cz_62327\" class=\"cz_grid_p cz_62327\"><div class=\"cz_grid cz_grid_1 clr cz_grid_c3 cz_grid_1_no_title cz_grid_1_mid tac\"><div class=\"cz_grid_item cz_grid_first\"><\/div><div class=\"cz_grid_item \"><div><a class=\"cz_grid_link \" href=\"https:\/\/www.adriatica.com.hr\/wp-content\/uploads\/2021\/05\/dramalj1.jpg\" data-xtra-lightbox data-xtra-lightbox><img decoding=\"async\" width=\"600\" height=\"600\" src=\"data:image\/svg+xml,%3Csvg%20xmlns%3D&#39;http%3A%2F%2Fwww.w3.org%2F2000%2Fsvg&#39;%20width=&#39;600&#39;%20height=&#39;600&#39;%20viewBox%3D&#39;0%200%20600%20600&#39;%2F%3E\" data-czlz data-src=\"https:\/\/www.adriatica.com.hr\/wp-content\/uploads\/2021\/05\/dramalj1-600x600.jpg\" class=\"attachment-codevz_600_600\" alt=\"\" title=\"dramalj1\" data-srcset=\"https:\/\/www.adriatica.com.hr\/wp-content\/uploads\/2021\/05\/dramalj1-600x600.jpg 600w, https:\/\/www.adriatica.com.hr\/wp-content\/uploads\/2021\/05\/dramalj1-150x150.jpg 150w\" data-sizes=\"(max-width: 600px) 100vw, 600px\" \/><div class=\"cz_grid_details\"><i class=\"fa fa-search cz_grid_icon\"><\/i><\/div><\/a><\/div><\/div><div class=\"cz_grid_item \"><div><a class=\"cz_grid_link \" href=\"https:\/\/www.adriatica.com.hr\/wp-content\/uploads\/2021\/05\/dramalj2.jpg\" data-xtra-lightbox data-xtra-lightbox><img decoding=\"async\" width=\"600\" height=\"600\" src=\"data:image\/svg+xml,%3Csvg%20xmlns%3D&#39;http%3A%2F%2Fwww.w3.org%2F2000%2Fsvg&#39;%20width=&#39;600&#39;%20height=&#39;600&#39;%20viewBox%3D&#39;0%200%20600%20600&#39;%2F%3E\" data-czlz data-src=\"https:\/\/www.adriatica.com.hr\/wp-content\/uploads\/2021\/05\/dramalj2-600x600.jpg\" class=\"attachment-codevz_600_600\" alt=\"\" title=\"dramalj2\" data-srcset=\"https:\/\/www.adriatica.com.hr\/wp-content\/uploads\/2021\/05\/dramalj2-600x600.jpg 600w, https:\/\/www.adriatica.com.hr\/wp-content\/uploads\/2021\/05\/dramalj2-150x150.jpg 150w\" data-sizes=\"(max-width: 600px) 100vw, 600px\" \/><div class=\"cz_grid_details\"><i class=\"fa fa-search cz_grid_icon\"><\/i><\/div><\/a><\/div><\/div><div class=\"cz_grid_item \"><div><a class=\"cz_grid_link \" href=\"https:\/\/www.adriatica.com.hr\/wp-content\/uploads\/2021\/05\/dramalj3.jpg\" data-xtra-lightbox data-xtra-lightbox><img decoding=\"async\" width=\"600\" height=\"600\" src=\"data:image\/svg+xml,%3Csvg%20xmlns%3D&#39;http%3A%2F%2Fwww.w3.org%2F2000%2Fsvg&#39;%20width=&#39;600&#39;%20height=&#39;600&#39;%20viewBox%3D&#39;0%200%20600%20600&#39;%2F%3E\" data-czlz data-src=\"https:\/\/www.adriatica.com.hr\/wp-content\/uploads\/2021\/05\/dramalj3-600x600.jpg\" class=\"attachment-codevz_600_600\" alt=\"\" title=\"dramalj3\" data-srcset=\"https:\/\/www.adriatica.com.hr\/wp-content\/uploads\/2021\/05\/dramalj3-600x600.jpg 600w, https:\/\/www.adriatica.com.hr\/wp-content\/uploads\/2021\/05\/dramalj3-150x150.jpg 150w\" data-sizes=\"(max-width: 600px) 100vw, 600px\" \/><div class=\"cz_grid_details\"><i class=\"fa fa-search cz_grid_icon\"><\/i><\/div><\/a><\/div><\/div><\/div><\/div>[\/vc_column][\/vc_row]<\/p>\n","protected":false},"excerpt":{"rendered":"<p>[vc_row full_width=&#8220;stretch_row&#8220; css=&#8220;.vc_custom_1620715555341{background-image: url(https:\/\/www.adriatica.com.hr\/wp-content\/uploads\/2021\/05\/dramalj.jpg?id=309) !important;background-position: center !important;background-repeat: no-repeat !important;background-size: cover !important;}&#8220;][vc_column][vc_column_text &#8230; <\/p>\n","protected":false},"author":1,"featured_media":0,"parent":0,"menu_order":0,"comment_status":"closed","ping_status":"closed","template":"","meta":{"footnotes":""},"class_list":["post-1229","page","type-page","status-publish","hentry"],"_links":{"self":[{"href":"https:\/\/www.adriatica.com.hr\/de\/wp-json\/wp\/v2\/pages\/1229","targetHints":{"allow":["GET"]}}],"collection":[{"href":"https:\/\/www.adriatica.com.hr\/de\/wp-json\/wp\/v2\/pages"}],"about":[{"href":"https:\/\/www.adriatica.com.hr\/de\/wp-json\/wp\/v2\/types\/page"}],"author":[{"embeddable":true,"href":"https:\/\/www.adriatica.com.hr\/de\/wp-json\/wp\/v2\/users\/1"}],"replies":[{"embeddable":true,"href":"https:\/\/www.adriatica.com.hr\/de\/wp-json\/wp\/v2\/comments?post=1229"}],"version-history":[{"count":3,"href":"https:\/\/www.adriatica.com.hr\/de\/wp-json\/wp\/v2\/pages\/1229\/revisions"}],"predecessor-version":[{"id":1453,"href":"https:\/\/www.adriatica.com.hr\/de\/wp-json\/wp\/v2\/pages\/1229\/revisions\/1453"}],"wp:attachment":[{"href":"https:\/\/www.adriatica.com.hr\/de\/wp-json\/wp\/v2\/media?parent=1229"}],"curies":[{"name":"wp","href":"https:\/\/api.w.org\/{rel}","templated":true}]}}